{"id":1112,"date":"2023-05-25T20:50:58","date_gmt":"2023-05-25T20:50:58","guid":{"rendered":"http:\/\/vendor-campus.com\/?page_id=1112"},"modified":"2024-03-18T13:55:32","modified_gmt":"2024-03-18T13:55:32","slug":"impressum","status":"publish","type":"page","link":"https:\/\/vendor-campus.com\/index.php\/impressum\/","title":{"rendered":"Impressum"},"content":{"rendered":"\t\t<div data-elementor-type=\"wp-page\" data-elementor-id=\"1112\" class=\"elementor elementor-1112\">\n\t\t\t\t\t\t<section class=\"elementor-section elementor-top-section elementor-element elementor-element-199fae9 elementor-section-content-middle jkit-sticky-element--enabled elementor-section-full_width elementor-section-height-min-height elementor-section-height-default elementor-section-items-middle jkit-sticky-element-on--down jkit-sticky-position--sticky\" data-id=\"199fae9\" data-element_type=\"section\" data-settings=\"{&quot;background_background&quot;:&quot;classic&quot;,&quot;jkit_sticky_device&quot;:[&quot;mobile&quot;],&quot;jkit_sticky_top_position&quot;:{&quot;unit&quot;:&quot;px&quot;,&quot;size&quot;:0,&quot;sizes&quot;:[]}}\">\n\t\t\t\t\t\t<div class=\"elementor-container elementor-column-gap-default\">\n\t\t\t\t\t<div class=\"elementor-column elementor-col-50 elementor-top-column elementor-element elementor-element-19bc871\" data-id=\"19bc871\" data-element_type=\"column\" data-settings=\"{&quot;background_background&quot;:&quot;classic&quot;}\">\n\t\t\t<div class=\"elementor-widget-wrap elementor-element-populated\">\n\t\t\t\t\t\t<div class=\"elementor-element elementor-element-fa719df elementor-widget elementor-widget-image\" data-id=\"fa719df\" data-element_type=\"widget\" data-widget_type=\"image.default\">\n\t\t\t\t<div class=\"elementor-widget-container\">\n\t\t\t<style>\/*! elementor - v3.20.0 - 13-03-2024 *\/\n.elementor-widget-image{text-align:center}.elementor-widget-image a{display:inline-block}.elementor-widget-image a img[src$=\".svg\"]{width:48px}.elementor-widget-image img{vertical-align:middle;display:inline-block}<\/style>\t\t\t\t\t\t\t\t\t\t\t<a href=\"http:\/\/vendor-campus.com\/\">\n\t\t\t\t\t\t\t<img decoding=\"async\" width=\"200\" height=\"200\" src=\"https:\/\/i0.wp.com\/vendor-campus.com\/wp-content\/uploads\/2024\/03\/logo-nobackground-200.png?fit=200%2C200&amp;ssl=1\" class=\"attachment-medium size-medium wp-image-3528\" alt=\"\" srcset=\"https:\/\/i0.wp.com\/vendor-campus.com\/wp-content\/uploads\/2024\/03\/logo-nobackground-200.png?w=200&amp;ssl=1 200w, https:\/\/i0.wp.com\/vendor-campus.com\/wp-content\/uploads\/2024\/03\/logo-nobackground-200.png?resize=150%2C150&amp;ssl=1 150w\" sizes=\"(max-width: 200px) 100vw, 200px\" \/>\t\t\t\t\t\t\t\t<\/a>\n\t\t\t\t\t\t\t\t\t\t\t\t\t<\/div>\n\t\t\t\t<\/div>\n\t\t\t\t\t<\/div>\n\t\t<\/div>\n\t\t\t\t<div class=\"elementor-column elementor-col-50 elementor-top-column elementor-element elementor-element-311405a\" data-id=\"311405a\" data-element_type=\"column\" data-settings=\"{&quot;background_background&quot;:&quot;classic&quot;}\">\n\t\t\t<div class=\"elementor-widget-wrap elementor-element-populated\">\n\t\t\t\t\t\t<div class=\"elementor-element elementor-element-eb561c4 elementor-widget elementor-widget-jkit_nav_menu\" data-id=\"eb561c4\" data-element_type=\"widget\" data-widget_type=\"jkit_nav_menu.default\">\n\t\t\t\t<div class=\"elementor-widget-container\">\n\t\t\t<div  class=\"jeg-elementor-kit jkit-nav-menu break-point-tablet submenu-click-title jeg_module___69ddf671808b5\"  data-item-indicator=\"&lt;i aria-hidden=&quot;true&quot; class=&quot;fas fa-angle-down&quot;&gt;&lt;\/i&gt;\"><button aria-label=\"open-menu\" class=\"jkit-hamburger-menu\"><i aria-hidden=\"true\" class=\"fas fa-bars\"><\/i><\/button>\n        <div class=\"jkit-menu-wrapper\"><div class=\"jkit-menu-container\"><ul id=\"menu-header\" class=\"jkit-menu jkit-menu-direction-flex jkit-submenu-position-top\"><li id=\"menu-item-1197\" class=\"menu-item menu-item-type-custom menu-item-object-custom menu-item-home menu-item-1197\"><a href=\"https:\/\/vendor-campus.com\">Home<\/a><\/li>\n<li id=\"menu-item-1212\" class=\"menu-item menu-item-type-custom menu-item-object-custom menu-item-1212\"><a href=\"https:\/\/vendor-campus.com\/index.php\/#kursangebot\">Kursangebot<\/a><\/li>\n<li id=\"menu-item-1211\" class=\"menu-item menu-item-type-custom menu-item-object-custom menu-item-1211\"><a href=\"https:\/\/vendor-campus.com\/index.php\/#ueber-uns\">\u00dcber uns<\/a><\/li>\n<li id=\"menu-item-2907\" class=\"menu-item menu-item-type-custom menu-item-object-custom menu-item-2907\"><a href=\"https:\/\/vendor-campus.com\/index.php\/kontakt\">Kontakt \/ Anmeldung<\/a><\/li>\n<\/ul><\/div>\n            <div class=\"jkit-nav-identity-panel\">\n                <div class=\"jkit-nav-site-title\"><a href=\"https:\/\/vendor-campus.com\" class=\"jkit-nav-logo\"><img decoding=\"async\" width=\"150\" height=\"150\" src=\"https:\/\/i0.wp.com\/vendor-campus.com\/wp-content\/uploads\/2023\/05\/cropped-logo-original-5000.png?resize=150%2C150&amp;ssl=1\" class=\"attachment-thumbnail size-thumbnail\" alt=\"\" url=\"http:\/\/vendor-campus.com\/wp-content\/uploads\/2023\/05\/cropped-logo-original-5000.png\" source=\"library\" srcset=\"https:\/\/i0.wp.com\/vendor-campus.com\/wp-content\/uploads\/2023\/05\/cropped-logo-original-5000.png?w=512&amp;ssl=1 512w, https:\/\/i0.wp.com\/vendor-campus.com\/wp-content\/uploads\/2023\/05\/cropped-logo-original-5000.png?resize=300%2C300&amp;ssl=1 300w, https:\/\/i0.wp.com\/vendor-campus.com\/wp-content\/uploads\/2023\/05\/cropped-logo-original-5000.png?resize=150%2C150&amp;ssl=1 150w, https:\/\/i0.wp.com\/vendor-campus.com\/wp-content\/uploads\/2023\/05\/cropped-logo-original-5000.png?resize=270%2C270&amp;ssl=1 270w, https:\/\/i0.wp.com\/vendor-campus.com\/wp-content\/uploads\/2023\/05\/cropped-logo-original-5000.png?resize=192%2C192&amp;ssl=1 192w, https:\/\/i0.wp.com\/vendor-campus.com\/wp-content\/uploads\/2023\/05\/cropped-logo-original-5000.png?resize=180%2C180&amp;ssl=1 180w, https:\/\/i0.wp.com\/vendor-campus.com\/wp-content\/uploads\/2023\/05\/cropped-logo-original-5000.png?resize=32%2C32&amp;ssl=1 32w\" sizes=\"(max-width: 150px) 100vw, 150px\" \/><\/a><\/div>\n                <button aria-label=\"close-menu\" class=\"jkit-close-menu\"><i aria-hidden=\"true\" class=\"fas fa-times\"><\/i><\/button>\n            <\/div>\n        <\/div>\n        <div class=\"jkit-overlay\"><\/div><\/div>\t\t<\/div>\n\t\t\t\t<\/div>\n\t\t\t\t\t<\/div>\n\t\t<\/div>\n\t\t\t\t\t<\/div>\n\t\t<\/section>\n\t\t\t\t<section class=\"elementor-section elementor-top-section elementor-element elementor-element-87d4b2c elementor-section-boxed elementor-section-height-default elementor-section-height-default\" data-id=\"87d4b2c\" data-element_type=\"section\">\n\t\t\t\t\t\t<div class=\"elementor-container elementor-column-gap-default\">\n\t\t\t\t\t<div class=\"elementor-column elementor-col-100 elementor-top-column elementor-element elementor-element-47a5813\" data-id=\"47a5813\" data-element_type=\"column\">\n\t\t\t<div class=\"elementor-widget-wrap elementor-element-populated\">\n\t\t\t\t\t\t<div class=\"elementor-element elementor-element-14248a9 elementor-widget elementor-widget-text-editor\" data-id=\"14248a9\" data-element_type=\"widget\" data-widget_type=\"text-editor.default\">\n\t\t\t\t<div class=\"elementor-widget-container\">\n\t\t\t<style>\/*! elementor - v3.20.0 - 13-03-2024 *\/\n.elementor-widget-text-editor.elementor-drop-cap-view-stacked .elementor-drop-cap{background-color:#69727d;color:#fff}.elementor-widget-text-editor.elementor-drop-cap-view-framed .elementor-drop-cap{color:#69727d;border:3px solid;background-color:transparent}.elementor-widget-text-editor:not(.elementor-drop-cap-view-default) .elementor-drop-cap{margin-top:8px}.elementor-widget-text-editor:not(.elementor-drop-cap-view-default) .elementor-drop-cap-letter{width:1em;height:1em}.elementor-widget-text-editor .elementor-drop-cap{float:left;text-align:center;line-height:1;font-size:50px}.elementor-widget-text-editor .elementor-drop-cap-letter{display:inline-block}<\/style>\t\t\t\t<h1>Impressum<\/h1><p>Impressum<\/p><p>Angaben gem\u00e4\u00df Art. 3 des Schweizerischen Bundesgesetzes \u00fcber den Datenschutz (DSG) und Art. 55 des Schweizerischen Zivilgesetzbuches (ZGB):<\/p><p>Office 12n GmbH<br \/>Zielgelrain 29<br \/>5000 Aarau<br \/>Schweiz<\/p><p>Vertreten durch:<br \/>Gesch\u00e4ftsf\u00fchrer: Alexandra Kuture, Frank Holzweissig<\/p><p>Kontakt:<br \/>Telefon: +41 79 949 81 50<br \/>E-Mail: info@vendor-campus.com<\/p><p>Handelsregistereintrag:<br \/>Eintragung im Handelsregister<br \/>Handelsregisteramt: Aargau<br \/>Handelsregisternummer: CHE-271.421.497<\/p><p>UID-Nummer gem\u00e4\u00df Art. 9 des Schweizerischen Bundesgesetzes \u00fcber die Mehrwertsteuer:<br \/>UID-Nummer: CHE-271.421.497<\/p><p>Haftungsausschluss:<br \/>Haftung f\u00fcr Inhalte<br \/>Als Diensteanbieter sind wir gem\u00e4\u00df Art. 7 Abs. 1 des Schweizerischen Bundesgesetzes \u00fcber den Datenschutz (DSG) f\u00fcr eigene Inhalte auf diesen Seiten nach den allgemeinen Gesetzen verantwortlich. Gem\u00e4\u00df Art. 7 Abs. 2 des Schweizerischen Bundesgesetzes \u00fcber den Datenschutz (DSG) sind wir jedoch nicht verpflichtet, \u00fcbermittelte oder gespeicherte Informationen von Dritten zu \u00fcberwachen oder nach Umst\u00e4nden zu forschen, die auf eine rechtswidrige T\u00e4tigkeit hinweisen.<\/p><p>Haftung f\u00fcr Links<br \/>Unser Angebot enth\u00e4lt Links zu externen Websites Dritter, auf deren Inhalte wir keinen Einfluss haben. Deshalb k\u00f6nnen wir f\u00fcr diese fremden Inhalte auch keine Gew\u00e4hr \u00fcbernehmen. F\u00fcr die Inhalte der verlinkten Seiten ist stets der jeweilige Anbieter oder Betreiber der Seiten verantwortlich. Die verlinkten Seiten wurden zum Zeitpunkt der Verlinkung auf m\u00f6gliche Rechtsverst\u00f6\u00dfe \u00fcberpr\u00fcft. Rechtswidrige Inhalte waren zum Zeitpunkt der Verlinkung nicht erkennbar.<\/p><p>Urheberrecht<br \/>Die durch die Seitenbetreiber erstellten Inhalte und Werke auf diesen Seiten unterliegen dem schweizerischen Urheberrecht. Die Vervielf\u00e4ltigung, Bearbeitung, Verbreitung und jede Art der Verwertung au\u00dferhalb der Grenzen des Urheberrechtes bed\u00fcrfen der schriftlichen Zustimmung des jeweiligen Autors bzw. Erstellers. Downloads und Kopien dieser Seite sind nur f\u00fcr den privaten, nicht kommerziellen Gebrauch gestattet.<\/p>\t\t\t\t\t\t<\/div>\n\t\t\t\t<\/div>\n\t\t\t\t\t<\/div>\n\t\t<\/div>\n\t\t\t\t\t<\/div>\n\t\t<\/section>\n\t\t\t\t<footer class=\"elementor-section elementor-top-section elementor-element elementor-element-a716d34 elementor-section-full_width elementor-section-content-middle elementor-section-height-default elementor-section-height-default\" data-id=\"a716d34\" data-element_type=\"section\" data-settings=\"{&quot;background_background&quot;:&quot;gradient&quot;}\">\n\t\t\t\t\t\t<div class=\"elementor-container elementor-column-gap-no\">\n\t\t\t\t\t<div class=\"elementor-column elementor-col-33 elementor-top-column elementor-element elementor-element-8883033\" data-id=\"8883033\" data-element_type=\"column\">\n\t\t\t<div class=\"elementor-widget-wrap\">\n\t\t\t\t\t\t\t<\/div>\n\t\t<\/div>\n\t\t\t\t<div class=\"elementor-column elementor-col-33 elementor-top-column elementor-element elementor-element-8496bf5\" data-id=\"8496bf5\" data-element_type=\"column\">\n\t\t\t<div class=\"elementor-widget-wrap elementor-element-populated\">\n\t\t\t\t\t\t<div class=\"elementor-element elementor-element-8ce8350 elementor-widget elementor-widget-image\" data-id=\"8ce8350\" data-element_type=\"widget\" data-widget_type=\"image.default\">\n\t\t\t\t<div class=\"elementor-widget-container\">\n\t\t\t\t\t\t\t\t\t\t\t\t\t\t<a href=\"http:\/\/vendor-campus.com\/\">\n\t\t\t\t\t\t\t<img decoding=\"async\" width=\"150\" height=\"150\" src=\"https:\/\/i0.wp.com\/vendor-campus.com\/wp-content\/uploads\/2024\/03\/logo-nobackground-200.png?resize=150%2C150&amp;ssl=1\" class=\"attachment-thumbnail size-thumbnail wp-image-3528\" alt=\"\" srcset=\"https:\/\/i0.wp.com\/vendor-campus.com\/wp-content\/uploads\/2024\/03\/logo-nobackground-200.png?w=200&amp;ssl=1 200w, https:\/\/i0.wp.com\/vendor-campus.com\/wp-content\/uploads\/2024\/03\/logo-nobackground-200.png?resize=150%2C150&amp;ssl=1 150w\" sizes=\"(max-width: 150px) 100vw, 150px\" \/>\t\t\t\t\t\t\t\t<\/a>\n\t\t\t\t\t\t\t\t\t\t\t\t\t<\/div>\n\t\t\t\t<\/div>\n\t\t\t\t<div class=\"elementor-element elementor-element-cf6e6d8 elementor-widget elementor-widget-text-editor\" data-id=\"cf6e6d8\" data-element_type=\"widget\" data-widget_type=\"text-editor.default\">\n\t\t\t\t<div class=\"elementor-widget-container\">\n\t\t\t\t\t\t\t<p><a href=\"https:\/\/vendor-campus.com\/index.php\/impressum\">Impressum<\/a>\u00a0 | <a href=\"https:\/\/vendor-campus.com\/index.php\/datenschutz\/\">Datenschutz<\/a> |\u00a0 <a href=\"https:\/\/vendor-campus.com\/index.php\/kontakt\/\">Kontakt<\/a><\/p>\t\t\t\t\t\t<\/div>\n\t\t\t\t<\/div>\n\t\t\t\t\t<\/div>\n\t\t<\/div>\n\t\t\t\t<div class=\"elementor-column elementor-col-33 elementor-top-column elementor-element elementor-element-8780c78\" data-id=\"8780c78\" data-element_type=\"column\">\n\t\t\t<div class=\"elementor-widget-wrap\">\n\t\t\t\t\t\t\t<\/div>\n\t\t<\/div>\n\t\t\t\t\t<\/div>\n\t\t<\/footer>\n\t\t\t\t<section class=\"elementor-section elementor-top-section elementor-element elementor-element-117310f0 elementor-section-height-min-height elementor-section-content-middle elementor-section-full_width elementor-section-height-default elementor-section-items-middle\" data-id=\"117310f0\" data-element_type=\"section\" data-settings=\"{&quot;background_background&quot;:&quot;classic&quot;}\">\n\t\t\t\t\t\t<div class=\"elementor-container elementor-column-gap-no\">\n\t\t\t\t\t<div class=\"elementor-column elementor-col-100 elementor-top-column elementor-element elementor-element-1664764f\" data-id=\"1664764f\" data-element_type=\"column\">\n\t\t\t<div class=\"elementor-widget-wrap elementor-element-populated\">\n\t\t\t\t\t\t<div class=\"elementor-element elementor-element-76d2cc68 elementor-widget elementor-widget-heading\" data-id=\"76d2cc68\" data-element_type=\"widget\" data-widget_type=\"heading.default\">\n\t\t\t\t<div class=\"elementor-widget-container\">\n\t\t\t<style>\/*! elementor - v3.20.0 - 13-03-2024 *\/\n.elementor-heading-title{padding:0;margin:0;line-height:1}.elementor-widget-heading .elementor-heading-title[class*=elementor-size-]>a{color:inherit;font-size:inherit;line-height:inherit}.elementor-widget-heading .elementor-heading-title.elementor-size-small{font-size:15px}.elementor-widget-heading .elementor-heading-title.elementor-size-medium{font-size:19px}.elementor-widget-heading .elementor-heading-title.elementor-size-large{font-size:29px}.elementor-widget-heading .elementor-heading-title.elementor-size-xl{font-size:39px}.elementor-widget-heading .elementor-heading-title.elementor-size-xxl{font-size:59px}<\/style><p class=\"elementor-heading-title elementor-size-default\">\u00a9 2023 Alle Rechte vorbehalten<\/p>\t\t<\/div>\n\t\t\t\t<\/div>\n\t\t\t\t\t<\/div>\n\t\t<\/div>\n\t\t\t\t\t<\/div>\n\t\t<\/section>\n\t\t\t\t<\/div>\n\t\t","protected":false},"excerpt":{"rendered":"<p>Home Kursangebot \u00dcber uns Kontakt \/ Anmeldung Impressum Impressum Angaben gem\u00e4\u00df Art. 3 des Schweizerischen Bundesgesetzes \u00fcber den Datenschutz (DSG) und Art. 55 des Schweizerischen Zivilgesetzbuches (ZGB): Office 12n GmbHZielgelrain 295000 AarauSchweiz Vertreten durch:Gesch\u00e4ftsf\u00fchrer: Alexandra Kuture, Frank Holzweissig Kontakt:Telefon: +41 79 949 81 50E-Mail: info@vendor-campus.com Handelsregistereintrag:Eintragung im HandelsregisterHandelsregisteramt: AargauHandelsregisternummer: CHE-271.421.497 UID-Nummer gem\u00e4\u00df Art. 9 des [&hellip;]<\/p>\n","protected":false},"author":1,"featured_media":0,"parent":0,"menu_order":0,"comment_status":"closed","ping_status":"closed","template":"","meta":{"footnotes":""},"class_list":["post-1112","page","type-page","status-publish","hentry"],"yoast_head":"<!-- This site is optimized with the Yoast SEO plugin v22.2 - https:\/\/yoast.com\/wordpress\/plugins\/seo\/ -->\n<title>Impressum - Vendor Campus - Das Trainingszentrum f\u00fcr Marken und Hersteller<\/title>\n<meta name=\"robots\" content=\"index, follow, max-snippet:-1, max-image-preview:large, max-video-preview:-1\" \/>\n<link rel=\"canonical\" href=\"https:\/\/vendor-campus.com\/index.php\/impressum\/\" \/>\n<meta property=\"og:locale\" content=\"de_DE\" \/>\n<meta property=\"og:type\" content=\"article\" \/>\n<meta property=\"og:title\" content=\"Impressum - Vendor Campus - Das Trainingszentrum f\u00fcr Marken und Hersteller\" \/>\n<meta property=\"og:description\" content=\"Home Kursangebot \u00dcber uns Kontakt \/ Anmeldung Impressum Impressum Angaben gem\u00e4\u00df Art. 3 des Schweizerischen Bundesgesetzes \u00fcber den Datenschutz (DSG) und Art. 55 des Schweizerischen Zivilgesetzbuches (ZGB): Office 12n GmbHZielgelrain 295000 AarauSchweiz Vertreten durch:Gesch\u00e4ftsf\u00fchrer: Alexandra Kuture, Frank Holzweissig Kontakt:Telefon: +41 79 949 81 50E-Mail: info@vendor-campus.com Handelsregistereintrag:Eintragung im HandelsregisterHandelsregisteramt: AargauHandelsregisternummer: CHE-271.421.497 UID-Nummer gem\u00e4\u00df Art. 9 des [&hellip;]\" \/>\n<meta property=\"og:url\" content=\"https:\/\/vendor-campus.com\/index.php\/impressum\/\" \/>\n<meta property=\"og:site_name\" content=\"Vendor Campus - Das Trainingszentrum f\u00fcr Marken und Hersteller\" \/>\n<meta property=\"article:modified_time\" content=\"2024-03-18T13:55:32+00:00\" \/>\n<meta property=\"og:image\" content=\"http:\/\/vendor-campus.com\/wp-content\/uploads\/2024\/03\/logo-nobackground-200.png\" \/>\n<meta name=\"twitter:card\" content=\"summary_large_image\" \/>\n<meta name=\"twitter:label1\" content=\"Gesch\u00e4tzte Lesezeit\" \/>\n\t<meta name=\"twitter:data1\" content=\"3\u00a0Minuten\" \/>\n<script type=\"application\/ld+json\" class=\"yoast-schema-graph\">{\"@context\":\"https:\/\/schema.org\",\"@graph\":[{\"@type\":\"WebPage\",\"@id\":\"https:\/\/vendor-campus.com\/index.php\/impressum\/\",\"url\":\"https:\/\/vendor-campus.com\/index.php\/impressum\/\",\"name\":\"Impressum - Vendor Campus - Das Trainingszentrum f\u00fcr Marken und Hersteller\",\"isPartOf\":{\"@id\":\"https:\/\/vendor-campus.com\/#website\"},\"primaryImageOfPage\":{\"@id\":\"https:\/\/vendor-campus.com\/index.php\/impressum\/#primaryimage\"},\"image\":{\"@id\":\"https:\/\/vendor-campus.com\/index.php\/impressum\/#primaryimage\"},\"thumbnailUrl\":\"http:\/\/vendor-campus.com\/wp-content\/uploads\/2024\/03\/logo-nobackground-200.png\",\"datePublished\":\"2023-05-25T20:50:58+00:00\",\"dateModified\":\"2024-03-18T13:55:32+00:00\",\"breadcrumb\":{\"@id\":\"https:\/\/vendor-campus.com\/index.php\/impressum\/#breadcrumb\"},\"inLanguage\":\"de\",\"potentialAction\":[{\"@type\":\"ReadAction\",\"target\":[\"https:\/\/vendor-campus.com\/index.php\/impressum\/\"]}]},{\"@type\":\"ImageObject\",\"inLanguage\":\"de\",\"@id\":\"https:\/\/vendor-campus.com\/index.php\/impressum\/#primaryimage\",\"url\":\"https:\/\/i0.wp.com\/vendor-campus.com\/wp-content\/uploads\/2024\/03\/logo-nobackground-200.png?fit=200%2C200&ssl=1\",\"contentUrl\":\"https:\/\/i0.wp.com\/vendor-campus.com\/wp-content\/uploads\/2024\/03\/logo-nobackground-200.png?fit=200%2C200&ssl=1\",\"width\":200,\"height\":200},{\"@type\":\"BreadcrumbList\",\"@id\":\"https:\/\/vendor-campus.com\/index.php\/impressum\/#breadcrumb\",\"itemListElement\":[{\"@type\":\"ListItem\",\"position\":1,\"name\":\"Startseite\",\"item\":\"https:\/\/vendor-campus.com\/\"},{\"@type\":\"ListItem\",\"position\":2,\"name\":\"Impressum\"}]},{\"@type\":\"WebSite\",\"@id\":\"https:\/\/vendor-campus.com\/#website\",\"url\":\"https:\/\/vendor-campus.com\/\",\"name\":\"Vendor Campus - Das Trainingszentrum f\u00fcr Marken und Hersteller\",\"description\":\"Entfessle Dein Potenzial als Amazon Vendor - In 12 Wochen zum Amazon Account Manager\",\"publisher\":{\"@id\":\"https:\/\/vendor-campus.com\/#organization\"},\"potentialAction\":[{\"@type\":\"SearchAction\",\"target\":{\"@type\":\"EntryPoint\",\"urlTemplate\":\"https:\/\/vendor-campus.com\/?s={search_term_string}\"},\"query-input\":\"required name=search_term_string\"}],\"inLanguage\":\"de\"},{\"@type\":\"Organization\",\"@id\":\"https:\/\/vendor-campus.com\/#organization\",\"name\":\"Vendor Campus\",\"url\":\"https:\/\/vendor-campus.com\/\",\"logo\":{\"@type\":\"ImageObject\",\"inLanguage\":\"de\",\"@id\":\"https:\/\/vendor-campus.com\/#\/schema\/logo\/image\/\",\"url\":\"https:\/\/i0.wp.com\/vendor-campus.com\/wp-content\/uploads\/2024\/03\/logo-nobackground-200.png?fit=200%2C200&ssl=1\",\"contentUrl\":\"https:\/\/i0.wp.com\/vendor-campus.com\/wp-content\/uploads\/2024\/03\/logo-nobackground-200.png?fit=200%2C200&ssl=1\",\"width\":200,\"height\":200,\"caption\":\"Vendor Campus\"},\"image\":{\"@id\":\"https:\/\/vendor-campus.com\/#\/schema\/logo\/image\/\"}}]}<\/script>\n<!-- \/ Yoast SEO plugin. -->","yoast_head_json":{"title":"Impressum - Vendor Campus - Das Trainingszentrum f\u00fcr Marken und Hersteller","robots":{"index":"index","follow":"follow","max-snippet":"max-snippet:-1","max-image-preview":"max-image-preview:large","max-video-preview":"max-video-preview:-1"},"canonical":"https:\/\/vendor-campus.com\/index.php\/impressum\/","og_locale":"de_DE","og_type":"article","og_title":"Impressum - Vendor Campus - Das Trainingszentrum f\u00fcr Marken und Hersteller","og_description":"Home Kursangebot \u00dcber uns Kontakt \/ Anmeldung Impressum Impressum Angaben gem\u00e4\u00df Art. 3 des Schweizerischen Bundesgesetzes \u00fcber den Datenschutz (DSG) und Art. 55 des Schweizerischen Zivilgesetzbuches (ZGB): Office 12n GmbHZielgelrain 295000 AarauSchweiz Vertreten durch:Gesch\u00e4ftsf\u00fchrer: Alexandra Kuture, Frank Holzweissig Kontakt:Telefon: +41 79 949 81 50E-Mail: info@vendor-campus.com Handelsregistereintrag:Eintragung im HandelsregisterHandelsregisteramt: AargauHandelsregisternummer: CHE-271.421.497 UID-Nummer gem\u00e4\u00df Art. 9 des [&hellip;]","og_url":"https:\/\/vendor-campus.com\/index.php\/impressum\/","og_site_name":"Vendor Campus - Das Trainingszentrum f\u00fcr Marken und Hersteller","article_modified_time":"2024-03-18T13:55:32+00:00","og_image":[{"url":"http:\/\/vendor-campus.com\/wp-content\/uploads\/2024\/03\/logo-nobackground-200.png"}],"twitter_card":"summary_large_image","twitter_misc":{"Gesch\u00e4tzte Lesezeit":"3\u00a0Minuten"},"schema":{"@context":"https:\/\/schema.org","@graph":[{"@type":"WebPage","@id":"https:\/\/vendor-campus.com\/index.php\/impressum\/","url":"https:\/\/vendor-campus.com\/index.php\/impressum\/","name":"Impressum - Vendor Campus - Das Trainingszentrum f\u00fcr Marken und Hersteller","isPartOf":{"@id":"https:\/\/vendor-campus.com\/#website"},"primaryImageOfPage":{"@id":"https:\/\/vendor-campus.com\/index.php\/impressum\/#primaryimage"},"image":{"@id":"https:\/\/vendor-campus.com\/index.php\/impressum\/#primaryimage"},"thumbnailUrl":"http:\/\/vendor-campus.com\/wp-content\/uploads\/2024\/03\/logo-nobackground-200.png","datePublished":"2023-05-25T20:50:58+00:00","dateModified":"2024-03-18T13:55:32+00:00","breadcrumb":{"@id":"https:\/\/vendor-campus.com\/index.php\/impressum\/#breadcrumb"},"inLanguage":"de","potentialAction":[{"@type":"ReadAction","target":["https:\/\/vendor-campus.com\/index.php\/impressum\/"]}]},{"@type":"ImageObject","inLanguage":"de","@id":"https:\/\/vendor-campus.com\/index.php\/impressum\/#primaryimage","url":"https:\/\/i0.wp.com\/vendor-campus.com\/wp-content\/uploads\/2024\/03\/logo-nobackground-200.png?fit=200%2C200&ssl=1","contentUrl":"https:\/\/i0.wp.com\/vendor-campus.com\/wp-content\/uploads\/2024\/03\/logo-nobackground-200.png?fit=200%2C200&ssl=1","width":200,"height":200},{"@type":"BreadcrumbList","@id":"https:\/\/vendor-campus.com\/index.php\/impressum\/#breadcrumb","itemListElement":[{"@type":"ListItem","position":1,"name":"Startseite","item":"https:\/\/vendor-campus.com\/"},{"@type":"ListItem","position":2,"name":"Impressum"}]},{"@type":"WebSite","@id":"https:\/\/vendor-campus.com\/#website","url":"https:\/\/vendor-campus.com\/","name":"Vendor Campus - Das Trainingszentrum f\u00fcr Marken und Hersteller","description":"Entfessle Dein Potenzial als Amazon Vendor - In 12 Wochen zum Amazon Account Manager","publisher":{"@id":"https:\/\/vendor-campus.com\/#organization"},"potentialAction":[{"@type":"SearchAction","target":{"@type":"EntryPoint","urlTemplate":"https:\/\/vendor-campus.com\/?s={search_term_string}"},"query-input":"required name=search_term_string"}],"inLanguage":"de"},{"@type":"Organization","@id":"https:\/\/vendor-campus.com\/#organization","name":"Vendor Campus","url":"https:\/\/vendor-campus.com\/","logo":{"@type":"ImageObject","inLanguage":"de","@id":"https:\/\/vendor-campus.com\/#\/schema\/logo\/image\/","url":"https:\/\/i0.wp.com\/vendor-campus.com\/wp-content\/uploads\/2024\/03\/logo-nobackground-200.png?fit=200%2C200&ssl=1","contentUrl":"https:\/\/i0.wp.com\/vendor-campus.com\/wp-content\/uploads\/2024\/03\/logo-nobackground-200.png?fit=200%2C200&ssl=1","width":200,"height":200,"caption":"Vendor Campus"},"image":{"@id":"https:\/\/vendor-campus.com\/#\/schema\/logo\/image\/"}}]}},"jetpack_sharing_enabled":true,"_links":{"self":[{"href":"https:\/\/vendor-campus.com\/index.php\/wp-json\/wp\/v2\/pages\/1112","targetHints":{"allow":["GET"]}}],"collection":[{"href":"https:\/\/vendor-campus.com\/index.php\/wp-json\/wp\/v2\/pages"}],"about":[{"href":"https:\/\/vendor-campus.com\/index.php\/wp-json\/wp\/v2\/types\/page"}],"author":[{"embeddable":true,"href":"https:\/\/vendor-campus.com\/index.php\/wp-json\/wp\/v2\/users\/1"}],"replies":[{"embeddable":true,"href":"https:\/\/vendor-campus.com\/index.php\/wp-json\/wp\/v2\/comments?post=1112"}],"version-history":[{"count":9,"href":"https:\/\/vendor-campus.com\/index.php\/wp-json\/wp\/v2\/pages\/1112\/revisions"}],"predecessor-version":[{"id":3537,"href":"https:\/\/vendor-campus.com\/index.php\/wp-json\/wp\/v2\/pages\/1112\/revisions\/3537"}],"wp:attachment":[{"href":"https:\/\/vendor-campus.com\/index.php\/wp-json\/wp\/v2\/media?parent=1112"}],"curies":[{"name":"wp","href":"https:\/\/api.w.org\/{rel}","templated":true}]}}